{"id":494,"date":"2023-01-12T12:57:34","date_gmt":"2023-01-12T11:57:34","guid":{"rendered":"http:\/\/ctam.yt\/?page_id=494"},"modified":"2023-07-26T08:26:49","modified_gmt":"2023-07-26T04:26:49","slug":"catalogue","status":"publish","type":"page","link":"https:\/\/ctam.yt\/index.php\/accueil\/catalogue\/","title":{"rendered":"Elementor #494"},"content":{"rendered":"\t\t<div data-elementor-type=\"wp-page\" data-elementor-id=\"494\" class=\"elementor elementor-494\" data-elementor-post-type=\"page\">\n\t\t\t\t\t\t<section class=\"elementor-section elementor-top-section elementor-element elementor-element-c4aeee7 elementor-section-boxed elementor-section-height-default elementor-section-height-default\" data-id=\"c4aeee7\" data-element_type=\"section\">\n\t\t\t\t\t\t<div class=\"elementor-container elementor-column-gap-default\">\n\t\t\t\t\t<div class=\"elementor-column elementor-col-100 elementor-top-column elementor-element elementor-element-3035b67\" data-id=\"3035b67\" data-element_type=\"column\">\n\t\t\t<div class=\"elementor-widget-wrap elementor-element-populated\">\n\t\t\t\t\t\t<div class=\"elementor-element elementor-element-7c732f1 elementor-widget elementor-widget-heading\" data-id=\"7c732f1\" data-element_type=\"widget\" data-widget_type=\"heading.default\">\n\t\t\t\t<div class=\"elementor-widget-container\">\n\t\t\t\t\t<h3 class=\"elementor-heading-title elementor-size-xl\">CATALOGUE <span style=\"color: #f9c452\">DU MOMENT<\/span><\/h3>\t\t\t\t<\/div>\n\t\t\t\t<\/div>\n\t\t\t\t<div class=\"elementor-element elementor-element-da914e2 elementor-widget elementor-widget-html\" data-id=\"da914e2\" data-element_type=\"widget\" data-widget_type=\"html.default\">\n\t\t\t\t<div class=\"elementor-widget-container\">\n\t\t\t\t\t<div style=\"text-align:center;\"><iframe src=\"\/\/v.calameo.com\/?bkcode=006556207b55933dedf28&mode=viewer&showsharemenu=false\" width=\"1080\" height=\"960\" frameborder=\"0\" scrolling=\"no\" allowtransparency allowfullscreen style=\"margin:0 auto;\"><\/iframe><\/div>\t\t\t\t<\/div>\n\t\t\t\t<\/div>\n\t\t\t\t\t<\/div>\n\t\t<\/div>\n\t\t\t\t\t<\/div>\n\t\t<\/section>\n\t\t\t\t<\/div>\n\t\t","protected":false},"excerpt":{"rendered":"<p>CATALOGUE DU MOMENT<\/p>\n","protected":false},"author":1,"featured_media":0,"parent":7,"menu_order":0,"comment_status":"closed","ping_status":"closed","template":"","meta":{"footnotes":""},"yoast_head":"<!-- This site is optimized with the Yoast SEO plugin v22.4 - https:\/\/yoast.com\/wordpress\/plugins\/seo\/ -->\n<title>Elementor #494 - Ctam<\/title>\n<meta name=\"description\" content=\"D\u00e9couvrez nos nouveaut\u00e9s et promotions dans le catalogue du moment de C&#039;Tam : mode femme, homme et enfants, \u00e9quipements pour la maison et d\u00e9coration \u00e0 petits prix.\" \/>\n<meta name=\"robots\" content=\"index, follow, max-snippet:-1, max-image-preview:large, max-video-preview:-1\" \/>\n<link rel=\"canonical\" href=\"https:\/\/ctam.yt\/index.php\/accueil\/catalogue\/\" \/>\n<meta property=\"og:locale\" content=\"fr_FR\" \/>\n<meta property=\"og:type\" content=\"article\" \/>\n<meta property=\"og:title\" content=\"Elementor #494 - Ctam\" \/>\n<meta property=\"og:description\" content=\"D\u00e9couvrez nos nouveaut\u00e9s et promotions dans le catalogue du moment de C&#039;Tam : mode femme, homme et enfants, \u00e9quipements pour la maison et d\u00e9coration \u00e0 petits prix.\" \/>\n<meta property=\"og:url\" content=\"https:\/\/ctam.yt\/index.php\/accueil\/catalogue\/\" \/>\n<meta property=\"og:site_name\" content=\"Ctam\" \/>\n<meta property=\"article:modified_time\" content=\"2023-07-26T04:26:49+00:00\" \/>\n<meta name=\"twitter:card\" content=\"summary_large_image\" \/>\n<script type=\"application\/ld+json\" class=\"yoast-schema-graph\">{\"@context\":\"https:\/\/schema.org\",\"@graph\":[{\"@type\":\"WebPage\",\"@id\":\"https:\/\/ctam.yt\/index.php\/accueil\/catalogue\/\",\"url\":\"https:\/\/ctam.yt\/index.php\/accueil\/catalogue\/\",\"name\":\"Elementor #494 - Ctam\",\"isPartOf\":{\"@id\":\"https:\/\/ctam.yt\/#website\"},\"datePublished\":\"2023-01-12T11:57:34+00:00\",\"dateModified\":\"2023-07-26T04:26:49+00:00\",\"description\":\"D\u00e9couvrez nos nouveaut\u00e9s et promotions dans le catalogue du moment de C'Tam : mode femme, homme et enfants, \u00e9quipements pour la maison et d\u00e9coration \u00e0 petits prix.\",\"breadcrumb\":{\"@id\":\"https:\/\/ctam.yt\/index.php\/accueil\/catalogue\/#breadcrumb\"},\"inLanguage\":\"fr-FR\",\"potentialAction\":[{\"@type\":\"ReadAction\",\"target\":[\"https:\/\/ctam.yt\/index.php\/accueil\/catalogue\/\"]}]},{\"@type\":\"BreadcrumbList\",\"@id\":\"https:\/\/ctam.yt\/index.php\/accueil\/catalogue\/#breadcrumb\",\"itemListElement\":[{\"@type\":\"ListItem\",\"position\":1,\"name\":\"Accueil\",\"item\":\"https:\/\/ctam.yt\/\"},{\"@type\":\"ListItem\",\"position\":2,\"name\":\"Accueil\",\"item\":\"https:\/\/ctam.yt\/\"},{\"@type\":\"ListItem\",\"position\":3,\"name\":\"Elementor #494\"}]},{\"@type\":\"WebSite\",\"@id\":\"https:\/\/ctam.yt\/#website\",\"url\":\"https:\/\/ctam.yt\/\",\"name\":\"Ctam\",\"description\":\"La belle vie \u00e0 petit prix\",\"publisher\":{\"@id\":\"https:\/\/ctam.yt\/#organization\"},\"potentialAction\":[{\"@type\":\"SearchAction\",\"target\":{\"@type\":\"EntryPoint\",\"urlTemplate\":\"https:\/\/ctam.yt\/?s={search_term_string}\"},\"query-input\":\"required name=search_term_string\"}],\"inLanguage\":\"fr-FR\"},{\"@type\":\"Organization\",\"@id\":\"https:\/\/ctam.yt\/#organization\",\"name\":\"Ctam\",\"url\":\"https:\/\/ctam.yt\/\",\"logo\":{\"@type\":\"ImageObject\",\"inLanguage\":\"fr-FR\",\"@id\":\"https:\/\/ctam.yt\/#\/schema\/logo\/image\/\",\"url\":\"https:\/\/ctam.yt\/wp-content\/uploads\/2020\/03\/logo-ctam.png\",\"contentUrl\":\"https:\/\/ctam.yt\/wp-content\/uploads\/2020\/03\/logo-ctam.png\",\"width\":300,\"height\":139,\"caption\":\"Ctam\"},\"image\":{\"@id\":\"https:\/\/ctam.yt\/#\/schema\/logo\/image\/\"}}]}<\/script>\n<!-- \/ Yoast SEO plugin. -->","yoast_head_json":{"title":"Elementor #494 - Ctam","description":"D\u00e9couvrez nos nouveaut\u00e9s et promotions dans le catalogue du moment de C'Tam : mode femme, homme et enfants, \u00e9quipements pour la maison et d\u00e9coration \u00e0 petits prix.","robots":{"index":"index","follow":"follow","max-snippet":"max-snippet:-1","max-image-preview":"max-image-preview:large","max-video-preview":"max-video-preview:-1"},"canonical":"https:\/\/ctam.yt\/index.php\/accueil\/catalogue\/","og_locale":"fr_FR","og_type":"article","og_title":"Elementor #494 - Ctam","og_description":"D\u00e9couvrez nos nouveaut\u00e9s et promotions dans le catalogue du moment de C'Tam : mode femme, homme et enfants, \u00e9quipements pour la maison et d\u00e9coration \u00e0 petits prix.","og_url":"https:\/\/ctam.yt\/index.php\/accueil\/catalogue\/","og_site_name":"Ctam","article_modified_time":"2023-07-26T04:26:49+00:00","twitter_card":"summary_large_image","schema":{"@context":"https:\/\/schema.org","@graph":[{"@type":"WebPage","@id":"https:\/\/ctam.yt\/index.php\/accueil\/catalogue\/","url":"https:\/\/ctam.yt\/index.php\/accueil\/catalogue\/","name":"Elementor #494 - Ctam","isPartOf":{"@id":"https:\/\/ctam.yt\/#website"},"datePublished":"2023-01-12T11:57:34+00:00","dateModified":"2023-07-26T04:26:49+00:00","description":"D\u00e9couvrez nos nouveaut\u00e9s et promotions dans le catalogue du moment de C'Tam : mode femme, homme et enfants, \u00e9quipements pour la maison et d\u00e9coration \u00e0 petits prix.","breadcrumb":{"@id":"https:\/\/ctam.yt\/index.php\/accueil\/catalogue\/#breadcrumb"},"inLanguage":"fr-FR","potentialAction":[{"@type":"ReadAction","target":["https:\/\/ctam.yt\/index.php\/accueil\/catalogue\/"]}]},{"@type":"BreadcrumbList","@id":"https:\/\/ctam.yt\/index.php\/accueil\/catalogue\/#breadcrumb","itemListElement":[{"@type":"ListItem","position":1,"name":"Accueil","item":"https:\/\/ctam.yt\/"},{"@type":"ListItem","position":2,"name":"Accueil","item":"https:\/\/ctam.yt\/"},{"@type":"ListItem","position":3,"name":"Elementor #494"}]},{"@type":"WebSite","@id":"https:\/\/ctam.yt\/#website","url":"https:\/\/ctam.yt\/","name":"Ctam","description":"La belle vie \u00e0 petit prix","publisher":{"@id":"https:\/\/ctam.yt\/#organization"},"potentialAction":[{"@type":"SearchAction","target":{"@type":"EntryPoint","urlTemplate":"https:\/\/ctam.yt\/?s={search_term_string}"},"query-input":"required name=search_term_string"}],"inLanguage":"fr-FR"},{"@type":"Organization","@id":"https:\/\/ctam.yt\/#organization","name":"Ctam","url":"https:\/\/ctam.yt\/","logo":{"@type":"ImageObject","inLanguage":"fr-FR","@id":"https:\/\/ctam.yt\/#\/schema\/logo\/image\/","url":"https:\/\/ctam.yt\/wp-content\/uploads\/2020\/03\/logo-ctam.png","contentUrl":"https:\/\/ctam.yt\/wp-content\/uploads\/2020\/03\/logo-ctam.png","width":300,"height":139,"caption":"Ctam"},"image":{"@id":"https:\/\/ctam.yt\/#\/schema\/logo\/image\/"}}]}},"_links":{"self":[{"href":"https:\/\/ctam.yt\/index.php\/wp-json\/wp\/v2\/pages\/494"}],"collection":[{"href":"https:\/\/ctam.yt\/index.php\/wp-json\/wp\/v2\/pages"}],"about":[{"href":"https:\/\/ctam.yt\/index.php\/wp-json\/wp\/v2\/types\/page"}],"author":[{"embeddable":true,"href":"https:\/\/ctam.yt\/index.php\/wp-json\/wp\/v2\/users\/1"}],"replies":[{"embeddable":true,"href":"https:\/\/ctam.yt\/index.php\/wp-json\/wp\/v2\/comments?post=494"}],"version-history":[{"count":32,"href":"https:\/\/ctam.yt\/index.php\/wp-json\/wp\/v2\/pages\/494\/revisions"}],"predecessor-version":[{"id":584,"href":"https:\/\/ctam.yt\/index.php\/wp-json\/wp\/v2\/pages\/494\/revisions\/584"}],"up":[{"embeddable":true,"href":"https:\/\/ctam.yt\/index.php\/wp-json\/wp\/v2\/pages\/7"}],"wp:attachment":[{"href":"https:\/\/ctam.yt\/index.php\/wp-json\/wp\/v2\/media?parent=494"}],"curies":[{"name":"wp","href":"https:\/\/api.w.org\/{rel}","templated":true}]}}